{"id":10013,"date":"2025-06-14T10:33:47","date_gmt":"2025-06-14T17:33:47","guid":{"rendered":"https:\/\/perssonrareminerals.com\/?post_type=product&#038;p=10013"},"modified":"2025-09-09T09:48:21","modified_gmt":"2025-09-09T16:48:21","slug":"dewindtite-kladska-marianske-lazne-cheb-district-karlovy-vary-region-czech-republic","status":"publish","type":"product","link":"https:\/\/perssonrareminerals.com\/?product=dewindtite-kladska-marianske-lazne-cheb-district-karlovy-vary-region-czech-republic","title":{"rendered":"Dewindtite: Kladsk\u00e1, Mari\u00e1nsk\u00e9 L\u00e1zne, Cheb District, Karlovy Vary Region, Czech Republic"},"content":{"rendered":"<p><strong>Species: Dewindtite<br \/>\n<\/strong><strong>Locality: Kladsk\u00e1, Mari\u00e1nsk\u00e9 L\u00e1zne, Cheb District, Karlovy Vary Region, Czech Republic<br \/>\n<\/strong><strong>Dimensions: 4 x 2.8 x 10 cm<\/strong><\/p>\n<p class=\"p1\"><strong>Excellent cabinet-size specimen of abundant yellow Dewindtite with minor green Metatorbernite from Kladsk\u00e1, Mari\u00e1nsk\u00e9 L\u00e1zne, Cheb District, Karlovy Vary Region, Czech Republic. Quite nice for this classic Czech locality. Coll. # U\/Th 1191, <span style=\"color: #000000\">Ex. Eric Quinter Collection. Rare!!<\/span><\/strong><\/p>\n","protected":false},"excerpt":{"rendered":"<p>Species: Dewindtite Locality: Kladsk\u00e1, Mari\u00e1nsk\u00e9 L\u00e1zne, Cheb District, Karlovy Vary Region, Czech Republic Dimensions: 4 x 2.8 x 10 cm Excellent cabinet-size specimen of abundant yellow Dewindtite with minor green Metatorbernite from Kladsk\u00e1, Mari\u00e1nsk\u00e9 L\u00e1zne, Cheb District, Karlovy Vary Region, Czech Republic. Quite nice for this classic Czech locality. Coll. # U\/Th 1191, Ex. Eric [&hellip;]<\/p>\n","protected":false},"featured_media":11103,"template":"","meta":[],"_links":{"self":[{"href":"https:\/\/perssonrareminerals.com\/index.php?rest_route=\/wp\/v2\/product\/10013"}],"collection":[{"href":"https:\/\/perssonrareminerals.com\/index.php?rest_route=\/wp\/v2\/product"}],"about":[{"href":"https:\/\/perssonrareminerals.com\/index.php?rest_route=\/wp\/v2\/types\/product"}],"wp:featuredmedia":[{"embeddable":true,"href":"https:\/\/perssonrareminerals.com\/index.php?rest_route=\/wp\/v2\/media\/11103"}],"wp:attachment":[{"href":"https:\/\/perssonrareminerals.com\/index.php?rest_route=%2Fwp%2Fv2%2Fmedia&parent=10013"}],"curies":[{"name":"wp","href":"https:\/\/api.w.org\/{rel}","templated":true}]}}