{"id":10100,"date":"2025-06-16T12:06:39","date_gmt":"2025-06-16T19:06:39","guid":{"rendered":"https:\/\/perssonrareminerals.com\/?post_type=product&#038;p=10100"},"modified":"2025-12-24T13:24:53","modified_gmt":"2025-12-24T20:24:53","slug":"uranopilite-zalesi-uranium-deposit-zalesi-javornik-jesenik-district-olomouc-region-czech-republic","status":"publish","type":"product","link":"https:\/\/perssonrareminerals.com\/?product=uranopilite-zalesi-uranium-deposit-zalesi-javornik-jesenik-district-olomouc-region-czech-republic","title":{"rendered":"Uranopilite: Z\u00e1les\u00ed uranium deposit, Z\u00e1les\u00ed, Javorn\u00edk, Jesen\u00edk District, Olomouc Region, Czech Republic"},"content":{"rendered":"<p><strong>Species: Uranopilite<br \/>\n<\/strong><strong>Locality: Z\u00e1les\u00ed uranium deposit, Z\u00e1les\u00ed, Javorn\u00edk, Jesen\u00edk District, Olomouc Region, Czech Republic<br \/>\n<\/strong><strong>Dimensions: 9 x 4.8 x 3.7 cm<\/strong><\/p>\n<p class=\"p1\"><strong>Rich cabinet-size specimen of Uranopilite on Uraninite from the Z\u00e1les\u00ed uranium deposit, Z\u00e1les\u00ed, Javorn\u00edk, Jesen\u00edk District, Olomouc Region, Czech Republic. Quinter Coll. # U\/Th 0145, <span style=\"color: #000000;\">Ex. Eric Quinter Collection. Rare!!<\/span><\/strong><\/p>\n","protected":false},"excerpt":{"rendered":"<p>Species: Uranopilite Locality: Z\u00e1les\u00ed uranium deposit, Z\u00e1les\u00ed, Javorn\u00edk, Jesen\u00edk District, Olomouc Region, Czech Republic Dimensions: 9 x 4.8 x 3.7 cm Rich cabinet-size specimen of Uranopilite on Uraninite from the Z\u00e1les\u00ed uranium deposit, Z\u00e1les\u00ed, Javorn\u00edk, Jesen\u00edk District, Olomouc Region, Czech Republic. Quinter Coll. # U\/Th 0145, Ex. Eric Quinter Collection. Rare!!<\/p>\n","protected":false},"featured_media":10101,"template":"","meta":[],"_links":{"self":[{"href":"https:\/\/perssonrareminerals.com\/index.php?rest_route=\/wp\/v2\/product\/10100"}],"collection":[{"href":"https:\/\/perssonrareminerals.com\/index.php?rest_route=\/wp\/v2\/product"}],"about":[{"href":"https:\/\/perssonrareminerals.com\/index.php?rest_route=\/wp\/v2\/types\/product"}],"wp:featuredmedia":[{"embeddable":true,"href":"https:\/\/perssonrareminerals.com\/index.php?rest_route=\/wp\/v2\/media\/10101"}],"wp:attachment":[{"href":"https:\/\/perssonrareminerals.com\/index.php?rest_route=%2Fwp%2Fv2%2Fmedia&parent=10100"}],"curies":[{"name":"wp","href":"https:\/\/api.w.org\/{rel}","templated":true}]}}