{"id":10149,"date":"2025-06-16T12:42:39","date_gmt":"2025-06-16T19:42:39","guid":{"rendered":"https:\/\/perssonrareminerals.com\/?post_type=product&#038;p=10149"},"modified":"2025-12-24T13:24:50","modified_gmt":"2025-12-24T20:24:50","slug":"meta-autunite-assuncao-mine-aldeia-nova-ferreira-de-aves-satao-viseu-portugal","status":"publish","type":"product","link":"https:\/\/perssonrareminerals.com\/?product=meta-autunite-assuncao-mine-aldeia-nova-ferreira-de-aves-satao-viseu-portugal","title":{"rendered":"Meta-Autunite: Assun\u00e7\u00e3o Mine, Aldeia Nova, Ferreira de Aves, S\u00e1t\u00e3o, Viseu, Portugal"},"content":{"rendered":"<p><strong>Species: Meta-Autunite<br \/>\n<\/strong><strong>Locality: Assun\u00e7\u00e3o Mine, Aldeia Nova, Ferreira de Aves, S\u00e1t\u00e3o, Viseu, Portugal<br \/>\n<\/strong><strong>Dimensions: 3.3 x 1.5 x 4 cm<\/strong><\/p>\n<p class=\"p1\"><strong><span style=\"color: #000000\">Gorgeous, rich, well-crystallized specimen of bright lime-green autunite from the famous Assun\u00e7\u00e3o Mine, Aldeia Nova, Ferreira de Aves, S\u00e1t\u00e3o, Viseu, Portugal. Quinter Coll. # U\/Th 0781, Ex. Eric Quinter Collection. Rare!!<\/span><\/strong><\/p>\n","protected":false},"excerpt":{"rendered":"<p>Species: Meta-Autunite Locality: Assun\u00e7\u00e3o Mine, Aldeia Nova, Ferreira de Aves, S\u00e1t\u00e3o, Viseu, Portugal Dimensions: 3.3 x 1.5 x 4 cm Gorgeous, rich, well-crystallized specimen of bright lime-green autunite from the famous Assun\u00e7\u00e3o Mine, Aldeia Nova, Ferreira de Aves, S\u00e1t\u00e3o, Viseu, Portugal. Quinter Coll. # U\/Th 0781, Ex. Eric Quinter Collection. Rare!!<\/p>\n","protected":false},"featured_media":10154,"template":"","meta":[],"_links":{"self":[{"href":"https:\/\/perssonrareminerals.com\/index.php?rest_route=\/wp\/v2\/product\/10149"}],"collection":[{"href":"https:\/\/perssonrareminerals.com\/index.php?rest_route=\/wp\/v2\/product"}],"about":[{"href":"https:\/\/perssonrareminerals.com\/index.php?rest_route=\/wp\/v2\/types\/product"}],"wp:featuredmedia":[{"embeddable":true,"href":"https:\/\/perssonrareminerals.com\/index.php?rest_route=\/wp\/v2\/media\/10154"}],"wp:attachment":[{"href":"https:\/\/perssonrareminerals.com\/index.php?rest_route=%2Fwp%2Fv2%2Fmedia&parent=10149"}],"curies":[{"name":"wp","href":"https:\/\/api.w.org\/{rel}","templated":true}]}}