{"id":11077,"date":"2025-06-25T13:16:52","date_gmt":"2025-06-25T20:16:52","guid":{"rendered":"https:\/\/perssonrareminerals.com\/?post_type=product&#038;p=11077"},"modified":"2025-06-27T08:01:16","modified_gmt":"2025-06-27T15:01:16","slug":"phosphuranylite-kladska-marianske-lazne-cheb-district-karlovy-vary-region-czech-republic","status":"publish","type":"product","link":"https:\/\/perssonrareminerals.com\/?product=phosphuranylite-kladska-marianske-lazne-cheb-district-karlovy-vary-region-czech-republic","title":{"rendered":"Phosphuranylite: Kladsk\u00e1, Mari\u00e1nsk\u00e9 L\u00e1zn\u011b, Cheb District, Karlovy Vary Region, Czech Republic"},"content":{"rendered":"<p><strong>Species: Phosphuranylite<\/strong><br \/>\n<strong>Locality: Kladsk\u00e1, Mari\u00e1nsk\u00e9 L\u00e1zn\u011b, Cheb District, Karlovy Vary Region, Czech Republic<\/strong><br \/>\n<strong>Dimensions: 12.1 x 5.5 x 4.3 cm<\/strong><\/p>\n<p><strong>Fine, rich specimen of vivid yellow-green Phosphuranylite on schist matrix from the classic Eastern European uranium locality of Kladsk\u00e1, Mari\u00e1nsk\u00e9 L\u00e1zn\u011b, Cheb District, Karlovy Vary Region, Czech Republic. Quinter Coll. # U\/Th 0141, Ex. Eric Quinter Collection. Rare!<\/strong><\/p>\n","protected":false},"excerpt":{"rendered":"<p>Species: Phosphuranylite Locality: Kladsk\u00e1, Mari\u00e1nsk\u00e9 L\u00e1zn\u011b, Cheb District, Karlovy Vary Region, Czech Republic Dimensions: 12.1 x 5.5 x 4.3 cm Fine, rich specimen of vivid yellow-green Phosphuranylite on schist matrix from the classic Eastern European uranium locality of Kladsk\u00e1, Mari\u00e1nsk\u00e9 L\u00e1zn\u011b, Cheb District, Karlovy Vary Region, Czech Republic. Quinter Coll. # U\/Th 0141, Ex. Eric [&hellip;]<\/p>\n","protected":false},"featured_media":11078,"template":"","meta":[],"_links":{"self":[{"href":"https:\/\/perssonrareminerals.com\/index.php?rest_route=\/wp\/v2\/product\/11077"}],"collection":[{"href":"https:\/\/perssonrareminerals.com\/index.php?rest_route=\/wp\/v2\/product"}],"about":[{"href":"https:\/\/perssonrareminerals.com\/index.php?rest_route=\/wp\/v2\/types\/product"}],"wp:featuredmedia":[{"embeddable":true,"href":"https:\/\/perssonrareminerals.com\/index.php?rest_route=\/wp\/v2\/media\/11078"}],"wp:attachment":[{"href":"https:\/\/perssonrareminerals.com\/index.php?rest_route=%2Fwp%2Fv2%2Fmedia&parent=11077"}],"curies":[{"name":"wp","href":"https:\/\/api.w.org\/{rel}","templated":true}]}}