{"id":11262,"date":"2025-07-01T11:04:12","date_gmt":"2025-07-01T18:04:12","guid":{"rendered":"https:\/\/perssonrareminerals.com\/?post_type=product&#038;p=11262"},"modified":"2025-09-15T05:23:02","modified_gmt":"2025-09-15T12:23:02","slug":"uraninite-var-pitchblende-hematite-rozna-i-mine-rozna-deposit-rozna-zdar-nad-sazavou-district-vysocina-region-czech-republic","status":"publish","type":"product","link":"https:\/\/perssonrareminerals.com\/?product=uraninite-var-pitchblende-hematite-rozna-i-mine-rozna-deposit-rozna-zdar-nad-sazavou-district-vysocina-region-czech-republic","title":{"rendered":"Uraninite var. Pitchblende, Hematite: Ro\u017en\u00e1 I Mine, Ro\u017en\u00e1 deposit, Ro\u017en\u00e1, \u017d\u010f\u00e1r nad S\u00e1zavou District, Vyso\u010dina Region, Czech Republic"},"content":{"rendered":"<p><strong>Species: Uraninite var. Pitchblende, Hematite<\/strong><br \/>\n<strong>Locality: Ro\u017en\u00e1 I Mine, Ro\u017en\u00e1 deposit, Ro\u017en\u00e1, \u017d\u010f\u00e1r nad S\u00e1zavou District, Vyso\u010dina Region, Czech Republic<\/strong><br \/>\n<strong>Dimensions: 8.3 x 4.0 x 4.0 cm<\/strong><\/p>\n<p><strong>Ex. N\u00e1rodn\u00ed Muzeum, George Kamin Collection<\/strong><\/p>\n<p><strong>Fine, quite rich specimen of jet-black pitchblende on hematite-stained carbonate matrix from the<\/strong> <strong>Ro\u017en\u00e1 I Mine, Ro\u017en\u00e1 deposit, Ro\u017en\u00e1, \u017d\u010f\u00e1r nad S\u00e1zavou District, Vyso\u010dina Region, Czech Republic. Great provenance with an old Czech museum tag. <\/strong><strong>From the noted collection of physicist and engineer Dr. George Kamin of Arcadia, California. Rare!!\u00a0<\/strong><\/p>\n","protected":false},"excerpt":{"rendered":"<p>Species: Uraninite var. Pitchblende, Hematite Locality: Ro\u017en\u00e1 I Mine, Ro\u017en\u00e1 deposit, Ro\u017en\u00e1, \u017d\u010f\u00e1r nad S\u00e1zavou District, Vyso\u010dina Region, Czech Republic Dimensions: 8.3 x 4.0 x 4.0 cm Ex. N\u00e1rodn\u00ed Muzeum, George Kamin Collection Fine, quite rich specimen of jet-black pitchblende on hematite-stained carbonate matrix from the Ro\u017en\u00e1 I Mine, Ro\u017en\u00e1 deposit, Ro\u017en\u00e1, \u017d\u010f\u00e1r nad S\u00e1zavou [&hellip;]<\/p>\n","protected":false},"featured_media":11236,"template":"","meta":[],"_links":{"self":[{"href":"https:\/\/perssonrareminerals.com\/index.php?rest_route=\/wp\/v2\/product\/11262"}],"collection":[{"href":"https:\/\/perssonrareminerals.com\/index.php?rest_route=\/wp\/v2\/product"}],"about":[{"href":"https:\/\/perssonrareminerals.com\/index.php?rest_route=\/wp\/v2\/types\/product"}],"wp:featuredmedia":[{"embeddable":true,"href":"https:\/\/perssonrareminerals.com\/index.php?rest_route=\/wp\/v2\/media\/11236"}],"wp:attachment":[{"href":"https:\/\/perssonrareminerals.com\/index.php?rest_route=%2Fwp%2Fv2%2Fmedia&parent=11262"}],"curies":[{"name":"wp","href":"https:\/\/api.w.org\/{rel}","templated":true}]}}