{"id":12167,"date":"2025-08-15T09:44:53","date_gmt":"2025-08-15T16:44:53","guid":{"rendered":"https:\/\/perssonrareminerals.com\/?post_type=product&#038;p=12167"},"modified":"2025-08-15T19:03:10","modified_gmt":"2025-08-16T02:03:10","slug":"zippeite-na-kovagoszolos-uranium-mine-kovagotottos-pecs-district-baranya-county-hungary","status":"publish","type":"product","link":"https:\/\/perssonrareminerals.com\/?product=zippeite-na-kovagoszolos-uranium-mine-kovagotottos-pecs-district-baranya-county-hungary","title":{"rendered":"Zippeite-(Na): K\u0151v\u00e1g\u00f3sz\u0151l\u0151s Uranium Mine, K\u0151v\u00e1g\u00f3t\u00f6tt\u00f6s, P\u00e9cs District, Baranya County, Hungary"},"content":{"rendered":"<p><strong>Species: Zippeite-(Na)<\/strong><br \/>\n<strong>Locality: K\u0151v\u00e1g\u00f3sz\u0151l\u0151s Uranium Mine, K\u0151v\u00e1g\u00f3t\u00f6tt\u00f6s, P\u00e9cs District, Baranya County, Hungary<\/strong><br \/>\n<strong>Dimensions:\u00a0 3.4 x 2.9 x 0.6 <\/strong><strong>cm.<\/strong><\/p>\n<p><strong>Ex. Eric Quinter Collection<\/strong><\/p>\n<p><strong>Nice specimen of Zippeite-(Na) on matrix from the K\u0151v\u00e1g\u00f3sz\u0151l\u0151s Uranium Mine, K\u0151v\u00e1g\u00f3t\u00f6tt\u00f6s, P\u00e9cs District, Baranya County, Hungary. Rare!\u00a0<\/strong><\/p>\n","protected":false},"excerpt":{"rendered":"<p>Species: Zippeite-(Na) Locality: K\u0151v\u00e1g\u00f3sz\u0151l\u0151s Uranium Mine, K\u0151v\u00e1g\u00f3t\u00f6tt\u00f6s, P\u00e9cs District, Baranya County, Hungary Dimensions:\u00a0 3.4 x 2.9 x 0.6 cm. Ex. Eric Quinter Collection Nice specimen of Zippeite-(Na) on matrix from the K\u0151v\u00e1g\u00f3sz\u0151l\u0151s Uranium Mine, K\u0151v\u00e1g\u00f3t\u00f6tt\u00f6s, P\u00e9cs District, Baranya County, Hungary. Rare!\u00a0<\/p>\n","protected":false},"featured_media":12069,"template":"","meta":[],"_links":{"self":[{"href":"https:\/\/perssonrareminerals.com\/index.php?rest_route=\/wp\/v2\/product\/12167"}],"collection":[{"href":"https:\/\/perssonrareminerals.com\/index.php?rest_route=\/wp\/v2\/product"}],"about":[{"href":"https:\/\/perssonrareminerals.com\/index.php?rest_route=\/wp\/v2\/types\/product"}],"wp:featuredmedia":[{"embeddable":true,"href":"https:\/\/perssonrareminerals.com\/index.php?rest_route=\/wp\/v2\/media\/12069"}],"wp:attachment":[{"href":"https:\/\/perssonrareminerals.com\/index.php?rest_route=%2Fwp%2Fv2%2Fmedia&parent=12167"}],"curies":[{"name":"wp","href":"https:\/\/api.w.org\/{rel}","templated":true}]}}