{"id":13388,"date":"2025-09-26T12:30:53","date_gmt":"2025-09-26T19:30:53","guid":{"rendered":"https:\/\/perssonrareminerals.com\/?post_type=product&#038;p=13388"},"modified":"2025-09-29T18:33:00","modified_gmt":"2025-09-30T01:33:00","slug":"schoepite-medenec-chomutov-district-usti-nad-labem-region-czech-republic","status":"publish","type":"product","link":"https:\/\/perssonrareminerals.com\/?product=schoepite-medenec-chomutov-district-usti-nad-labem-region-czech-republic","title":{"rendered":"Schoepite: M\u011bd\u011bnec, Chomutov District, \u00dast\u00ed nad Labem Region, Czech Republic"},"content":{"rendered":"<p><strong>Species: Schoepite<\/strong><\/p>\n<p><strong>Locality: M\u011bd\u011bnec, Chomutov District, \u00dast\u00ed nad Labem Region, Czech Republic<\/strong><\/p>\n<p><strong>Dimensions: 4.0 x 2.3 x 2.0 cm.<\/strong><\/p>\n<p><strong>Ex. Eric Quinter Collection\u00a0<\/strong><\/p>\n<p><strong>Very nice rich specimen of Schoepite from the classic and uncommon European locale of M\u011bd\u011bnec, Chomutov District, \u00dast\u00ed nad Labem Region, Czech Republic. Rare!<\/strong><\/p>\n","protected":false},"excerpt":{"rendered":"<p>Species: Schoepite Locality: M\u011bd\u011bnec, Chomutov District, \u00dast\u00ed nad Labem Region, Czech Republic Dimensions: 4.0 x 2.3 x 2.0 cm. Ex. Eric Quinter Collection\u00a0 Very nice rich specimen of Schoepite from the classic and uncommon European locale of M\u011bd\u011bnec, Chomutov District, \u00dast\u00ed nad Labem Region, Czech Republic. Rare!<\/p>\n","protected":false},"featured_media":13203,"template":"","meta":[],"_links":{"self":[{"href":"https:\/\/perssonrareminerals.com\/index.php?rest_route=\/wp\/v2\/product\/13388"}],"collection":[{"href":"https:\/\/perssonrareminerals.com\/index.php?rest_route=\/wp\/v2\/product"}],"about":[{"href":"https:\/\/perssonrareminerals.com\/index.php?rest_route=\/wp\/v2\/types\/product"}],"wp:featuredmedia":[{"embeddable":true,"href":"https:\/\/perssonrareminerals.com\/index.php?rest_route=\/wp\/v2\/media\/13203"}],"wp:attachment":[{"href":"https:\/\/perssonrareminerals.com\/index.php?rest_route=%2Fwp%2Fv2%2Fmedia&parent=13388"}],"curies":[{"name":"wp","href":"https:\/\/api.w.org\/{rel}","templated":true}]}}