{"id":13512,"date":"2025-10-14T12:50:38","date_gmt":"2025-10-14T19:50:38","guid":{"rendered":"https:\/\/perssonrareminerals.com\/?post_type=product&#038;p=13512"},"modified":"2026-03-13T08:34:14","modified_gmt":"2026-03-13T15:34:14","slug":"fergusonite-y-froysa-iveland-agder-norway","status":"publish","type":"product","link":"https:\/\/perssonrareminerals.com\/?product=fergusonite-y-froysa-iveland-agder-norway","title":{"rendered":"Fergusonite-(Y): Fr\u00f8ys\u00e5, Iveland, Agder, Norway"},"content":{"rendered":"<p><strong>Species: Fergusonite-(Y)<\/strong><\/p>\n<p><strong>Locality: Fr\u00f8ys\u00e5, Iveland, Agder, Norway<br \/>\n<\/strong><\/p>\n<p><strong>Dimensions: 4.8 x 1.8 x 1.6 cm.<\/strong><\/p>\n<p><strong>Nice solid specimen of waxy jet-black Fergusonite-(Y) from Fr\u00f8ys\u00e5, Iveland, Agder, Norway. Good rich example of the uncommon REE mineral from a classic and scarce Norwegian locality. Ex. Dr. George Kamin collection. Rare!<br \/>\n<\/strong><\/p>\n<p>&nbsp;<\/p>\n<p>&nbsp;<\/p>\n","protected":false},"excerpt":{"rendered":"<p>Species: Fergusonite-(Y) Locality: Fr\u00f8ys\u00e5, Iveland, Agder, Norway Dimensions: 4.8 x 1.8 x 1.6 cm. Nice solid specimen of waxy jet-black Fergusonite-(Y) from Fr\u00f8ys\u00e5, Iveland, Agder, Norway. Good rich example of the uncommon REE mineral from a classic and scarce Norwegian locality. Ex. Dr. George Kamin collection. Rare! &nbsp; &nbsp;<\/p>\n","protected":false},"featured_media":13442,"template":"","meta":[],"_links":{"self":[{"href":"https:\/\/perssonrareminerals.com\/index.php?rest_route=\/wp\/v2\/product\/13512"}],"collection":[{"href":"https:\/\/perssonrareminerals.com\/index.php?rest_route=\/wp\/v2\/product"}],"about":[{"href":"https:\/\/perssonrareminerals.com\/index.php?rest_route=\/wp\/v2\/types\/product"}],"wp:featuredmedia":[{"embeddable":true,"href":"https:\/\/perssonrareminerals.com\/index.php?rest_route=\/wp\/v2\/media\/13442"}],"wp:attachment":[{"href":"https:\/\/perssonrareminerals.com\/index.php?rest_route=%2Fwp%2Fv2%2Fmedia&parent=13512"}],"curies":[{"name":"wp","href":"https:\/\/api.w.org\/{rel}","templated":true}]}}