{"id":15029,"date":"2025-12-13T13:35:57","date_gmt":"2025-12-13T20:35:57","guid":{"rendered":"https:\/\/perssonrareminerals.com\/?post_type=product&#038;p=15029"},"modified":"2025-12-13T13:36:01","modified_gmt":"2025-12-13T20:36:01","slug":"thortveitite-kabuland-01-feldspar-quarry-amerika-kabuland-iveland-agder-norway","status":"publish","type":"product","link":"https:\/\/perssonrareminerals.com\/?product=thortveitite-kabuland-01-feldspar-quarry-amerika-kabuland-iveland-agder-norway","title":{"rendered":"Thortveitite: K\u00e5buland 01 Feldspar Quarry (Amerika), K\u00e5buland, Iveland, Agder, Norway"},"content":{"rendered":"<p><strong>Species: Thortveitite<\/strong><\/p>\n<p><strong>Locality: K\u00e5buland 01 Feldspar Quarry (Amerika), K\u00e5buland, Iveland, Agder, Norway<\/strong><\/p>\n<p><strong>Size: 12 x 6.3 x 4.3 cm.<\/strong><\/p>\n<p><strong>Ex. Tom Aurebekk Ud\u00f8 Collection, Ex. Terje Stenersen Collection)<\/strong><\/p>\n<p><strong>Very impressive cluster of large, well-formed crystals of the rare Scandium mineral Thortveitite to nearly 12 cm (!!) from the K\u00e5buland 01 Feldspar Quarry (Amerika), K\u00e5buland, Iveland, Agder, Norway. This is a magnificent example of this rare mineral, in monster-size crystals. This was collected by legendary Norwegian field collector Tom Aurebekk Ud\u00f8 (1972-2018) around fifteen years ago, and was one of only a handful of Thortveitite specimens of this magnitude collector by him in his lifetime. All other such specimens collected by Ud\u00f8 are in museums so sadly after his premature passing there will likely be no more amazing finds like this from the famous Iveland pegmatite district. Repaired in 3 places, as is basically ubiquitous for all large crystals of this brittle, rock-locked mineral, but the repairs are well-done and not visible. Comes with a custom acrylic display base by Sunnywood. Rare!! Mark Cross photo.\u00a0<\/strong><\/p>\n<p>&nbsp;<\/p>\n","protected":false},"excerpt":{"rendered":"<p>Species: Thortveitite Locality: K\u00e5buland 01 Feldspar Quarry (Amerika), K\u00e5buland, Iveland, Agder, Norway Size: 12 x 6.3 x 4.3 cm. Ex. Tom Aurebekk Ud\u00f8 Collection, Ex. Terje Stenersen Collection) Very impressive cluster of large, well-formed crystals of the rare Scandium mineral Thortveitite to nearly 12 cm (!!) from the K\u00e5buland 01 Feldspar Quarry (Amerika), K\u00e5buland, Iveland, [&hellip;]<\/p>\n","protected":false},"featured_media":15030,"template":"","meta":[],"_links":{"self":[{"href":"https:\/\/perssonrareminerals.com\/index.php?rest_route=\/wp\/v2\/product\/15029"}],"collection":[{"href":"https:\/\/perssonrareminerals.com\/index.php?rest_route=\/wp\/v2\/product"}],"about":[{"href":"https:\/\/perssonrareminerals.com\/index.php?rest_route=\/wp\/v2\/types\/product"}],"wp:featuredmedia":[{"embeddable":true,"href":"https:\/\/perssonrareminerals.com\/index.php?rest_route=\/wp\/v2\/media\/15030"}],"wp:attachment":[{"href":"https:\/\/perssonrareminerals.com\/index.php?rest_route=%2Fwp%2Fv2%2Fmedia&parent=15029"}],"curies":[{"name":"wp","href":"https:\/\/api.w.org\/{rel}","templated":true}]}}