{"id":17443,"date":"2026-04-03T15:27:20","date_gmt":"2026-04-03T22:27:20","guid":{"rendered":"https:\/\/perssonrareminerals.com\/?post_type=product&#038;p=17443"},"modified":"2026-04-04T17:29:10","modified_gmt":"2026-04-05T00:29:10","slug":"metatorbernite-ryzoviste-harrachov-semily-district-liberec-region-czech-republic-2","status":"publish","type":"product","link":"https:\/\/perssonrareminerals.com\/?product=metatorbernite-ryzoviste-harrachov-semily-district-liberec-region-czech-republic-2","title":{"rendered":"Metatorbernite: R\u00fd\u017eovi\u0161t\u011b, Harrachov, Semily District, Liberec Region, Czech Republic"},"content":{"rendered":"<p><strong>Species: Metatorbernite<\/strong><\/p>\n<p><strong>Locality: R\u00fd\u017eovi\u0161t\u011b, Harrachov, Semily District, Liberec Region, Czech Republic<\/strong><\/p>\n<p><strong>Dimensions: 5.7 x 2.6 x 7.0 cm, 140 grams<\/strong><\/p>\n<p><strong>Ex. Eric Quinter Collection<br \/>\nColl. # U\/Th 0886<br \/>\n<\/strong><\/p>\n<p><strong>Nice rich specimen featuring crusts and crude crystals of green metatorbernite on schist matrix from R\u00fd\u017eovi\u0161t\u011b, Harrachov, Semily District, Liberec Region, Czech Republic. Rare locality specimen. Eric Quinter specimen U\/Th 0886.<\/strong><\/p>\n<div class=\"clearer\"><\/div>\n","protected":false},"excerpt":{"rendered":"<p>Species: Metatorbernite Locality: R\u00fd\u017eovi\u0161t\u011b, Harrachov, Semily District, Liberec Region, Czech Republic Dimensions: 5.7 x 2.6 x 7.0 cm, 140 grams Ex. Eric Quinter Collection Coll. # U\/Th 0886 Nice rich specimen featuring crusts and crude crystals of green metatorbernite on schist matrix from R\u00fd\u017eovi\u0161t\u011b, Harrachov, Semily District, Liberec Region, Czech Republic. Rare locality specimen. Eric [&hellip;]<\/p>\n","protected":false},"featured_media":17564,"template":"","meta":[],"_links":{"self":[{"href":"https:\/\/perssonrareminerals.com\/index.php?rest_route=\/wp\/v2\/product\/17443"}],"collection":[{"href":"https:\/\/perssonrareminerals.com\/index.php?rest_route=\/wp\/v2\/product"}],"about":[{"href":"https:\/\/perssonrareminerals.com\/index.php?rest_route=\/wp\/v2\/types\/product"}],"wp:featuredmedia":[{"embeddable":true,"href":"https:\/\/perssonrareminerals.com\/index.php?rest_route=\/wp\/v2\/media\/17564"}],"wp:attachment":[{"href":"https:\/\/perssonrareminerals.com\/index.php?rest_route=%2Fwp%2Fv2%2Fmedia&parent=17443"}],"curies":[{"name":"wp","href":"https:\/\/api.w.org\/{rel}","templated":true}]}}