{"id":8561,"date":"2025-05-05T17:41:35","date_gmt":"2025-05-06T00:41:35","guid":{"rendered":"https:\/\/perssonrareminerals.com\/?post_type=product&#038;p=8561"},"modified":"2025-08-22T12:54:53","modified_gmt":"2025-08-22T19:54:53","slug":"metazeunerite-cinovec-dubi-teplice-district-usti-nad-labem-region-czech-republic","status":"publish","type":"product","link":"https:\/\/perssonrareminerals.com\/?product=metazeunerite-cinovec-dubi-teplice-district-usti-nad-labem-region-czech-republic","title":{"rendered":"Metazeunerite: C\u00ednovec, Dub\u00ed, Teplice District, \u00dast\u00ed nad Labem Region, Czech Republic"},"content":{"rendered":"<p><strong>Species: Metazeunerite<span style=\"color: #000000\"><br \/>\n<\/span><\/strong><strong style=\"color: #000000\">Locality: C\u00ednovec, Dub\u00ed, Teplice District, \u00dast\u00ed nad Labem Region, Czech Republic<br \/>\n<\/strong><span style=\"color: #000000\"><strong>Dimensions: 15.5 cm x 4.1 cm x 11.5 cm<\/strong><\/span><\/p>\n<p><span style=\"color: #000000\"><strong>Outstanding large specimen of brilliant green metazeunerite crystals on rusty matrix from a rare and classic locality for the species in the Czech Republic! Exceptional for both the species and the locality! Ex. Eric Quinter Collection.<\/strong><\/span><\/p>\n","protected":false},"excerpt":{"rendered":"<p>Species: Metazeunerite Locality: C\u00ednovec, Dub\u00ed, Teplice District, \u00dast\u00ed nad Labem Region, Czech Republic Dimensions: 15.5 cm x 4.1 cm x 11.5 cm Outstanding large specimen of brilliant green metazeunerite crystals on rusty matrix from a rare and classic locality for the species in the Czech Republic! Exceptional for both the species and the locality! Ex. [&hellip;]<\/p>\n","protected":false},"featured_media":11170,"template":"","meta":[],"_links":{"self":[{"href":"https:\/\/perssonrareminerals.com\/index.php?rest_route=\/wp\/v2\/product\/8561"}],"collection":[{"href":"https:\/\/perssonrareminerals.com\/index.php?rest_route=\/wp\/v2\/product"}],"about":[{"href":"https:\/\/perssonrareminerals.com\/index.php?rest_route=\/wp\/v2\/types\/product"}],"wp:featuredmedia":[{"embeddable":true,"href":"https:\/\/perssonrareminerals.com\/index.php?rest_route=\/wp\/v2\/media\/11170"}],"wp:attachment":[{"href":"https:\/\/perssonrareminerals.com\/index.php?rest_route=%2Fwp%2Fv2%2Fmedia&parent=8561"}],"curies":[{"name":"wp","href":"https:\/\/api.w.org\/{rel}","templated":true}]}}