{"id":9146,"date":"2025-05-28T12:06:20","date_gmt":"2025-05-28T19:06:20","guid":{"rendered":"https:\/\/perssonrareminerals.com\/?post_type=product&#038;p=9146"},"modified":"2025-12-24T12:15:29","modified_gmt":"2025-12-24T19:15:29","slug":"uranosphaerite-ryzoviste-harrachov-semily-district-liberec-region-czech-republic","status":"publish","type":"product","link":"https:\/\/perssonrareminerals.com\/?product=uranosphaerite-ryzoviste-harrachov-semily-district-liberec-region-czech-republic","title":{"rendered":"Uranosphaerite: R\u00fd\u017eovi\u0161t\u011b, Harrachov, Semily District, Liberec Region, Czech Republic"},"content":{"rendered":"<p><span style=\"color: #000000;\"><strong>Species: Uranosphaerite<br \/>\n<\/strong><strong>Locality: R\u00fd\u017eovi\u0161t\u011b, Harrachov, Semily District, Liberec Region, Czech Republic<br \/>\n<\/strong><\/span><strong><span style=\"color: #000000;\">Dimensions: 2.4 cm x 2.8 cm x 1.3 cm, 6 grams<\/span><br \/>\n<\/strong><\/p>\n<p><span style=\"color: #000000;\"><strong>Good specimen of the extremely rare uranium mineral Uranosphaerite from an unusual and classic locality: R\u00fd\u017eovi\u0161t\u011b, Harrachov, Semily District, Liberec Region, Czech Republic. Ex. Eric Quinter collection. Rare!\u00a0<\/strong><\/span><\/p>\n<p>&nbsp;<\/p>\n","protected":false},"excerpt":{"rendered":"<p>Species: Uranosphaerite Locality: R\u00fd\u017eovi\u0161t\u011b, Harrachov, Semily District, Liberec Region, Czech Republic Dimensions: 2.4 cm x 2.8 cm x 1.3 cm, 6 grams Good specimen of the extremely rare uranium mineral Uranosphaerite from an unusual and classic locality: R\u00fd\u017eovi\u0161t\u011b, Harrachov, Semily District, Liberec Region, Czech Republic. Ex. Eric Quinter collection. Rare!\u00a0 &nbsp;<\/p>\n","protected":false},"featured_media":9113,"template":"","meta":[],"_links":{"self":[{"href":"https:\/\/perssonrareminerals.com\/index.php?rest_route=\/wp\/v2\/product\/9146"}],"collection":[{"href":"https:\/\/perssonrareminerals.com\/index.php?rest_route=\/wp\/v2\/product"}],"about":[{"href":"https:\/\/perssonrareminerals.com\/index.php?rest_route=\/wp\/v2\/types\/product"}],"wp:featuredmedia":[{"embeddable":true,"href":"https:\/\/perssonrareminerals.com\/index.php?rest_route=\/wp\/v2\/media\/9113"}],"wp:attachment":[{"href":"https:\/\/perssonrareminerals.com\/index.php?rest_route=%2Fwp%2Fv2%2Fmedia&parent=9146"}],"curies":[{"name":"wp","href":"https:\/\/api.w.org\/{rel}","templated":true}]}}