{"id":9160,"date":"2025-05-28T12:08:18","date_gmt":"2025-05-28T19:08:18","guid":{"rendered":"https:\/\/perssonrareminerals.com\/?post_type=product&#038;p=9160"},"modified":"2025-12-24T12:15:28","modified_gmt":"2025-12-24T19:15:28","slug":"9160","status":"publish","type":"product","link":"https:\/\/perssonrareminerals.com\/?product=9160","title":{"rendered":"Uranosphaerite: R\u00fd\u017eovi\u0161t\u011b, Harrachov, Semily District, Liberec Region, Czech Republic"},"content":{"rendered":"<p><span style=\"color: #000000;\"><strong>Species: Uranosphaerite<br \/>\n<\/strong><strong>Locality: R\u00fd\u017eovi\u0161t\u011b, Harrachov, Semily District, Liberec Region, Czech Republic<br \/>\n<\/strong><\/span><strong><span style=\"color: #000000;\">Dimensions: 2.5 cm x 2.2 cm x 1.7 cm, 8 grams<\/span><br \/>\n<\/strong><\/p>\n<p><span style=\"color: #000000;\"><strong>Fine specimen of the extremely rare uranium mineral Uranosphaerite from an unusual and classic locality: R\u00fd\u017eovi\u0161t\u011b, Harrachov, Semily District, Liberec Region, Czech Republic. Ex. Eric Quinter Collection. Rare!!<\/strong><\/span><\/p>\n<p>&nbsp;<\/p>\n","protected":false},"excerpt":{"rendered":"<p>Species: Uranosphaerite Locality: R\u00fd\u017eovi\u0161t\u011b, Harrachov, Semily District, Liberec Region, Czech Republic Dimensions: 2.5 cm x 2.2 cm x 1.7 cm, 8 grams Fine specimen of the extremely rare uranium mineral Uranosphaerite from an unusual and classic locality: R\u00fd\u017eovi\u0161t\u011b, Harrachov, Semily District, Liberec Region, Czech Republic. Ex. Eric Quinter Collection. Rare!! &nbsp;<\/p>\n","protected":false},"featured_media":9114,"template":"","meta":[],"_links":{"self":[{"href":"https:\/\/perssonrareminerals.com\/index.php?rest_route=\/wp\/v2\/product\/9160"}],"collection":[{"href":"https:\/\/perssonrareminerals.com\/index.php?rest_route=\/wp\/v2\/product"}],"about":[{"href":"https:\/\/perssonrareminerals.com\/index.php?rest_route=\/wp\/v2\/types\/product"}],"wp:featuredmedia":[{"embeddable":true,"href":"https:\/\/perssonrareminerals.com\/index.php?rest_route=\/wp\/v2\/media\/9114"}],"wp:attachment":[{"href":"https:\/\/perssonrareminerals.com\/index.php?rest_route=%2Fwp%2Fv2%2Fmedia&parent=9160"}],"curies":[{"name":"wp","href":"https:\/\/api.w.org\/{rel}","templated":true}]}}